{"id":64,"date":"2022-06-27T11:47:09","date_gmt":"2022-06-27T09:47:09","guid":{"rendered":"https:\/\/centre-reparation-telephone.fr\/index.php\/home\/"},"modified":"2026-03-29T11:45:21","modified_gmt":"2026-03-29T09:45:21","slug":"home","status":"publish","type":"page","link":"https:\/\/centre-reparation-telephone.fr\/","title":{"rendered":"Home"},"content":{"rendered":"<style>\/*! elementor - v3.6.6 - 08-06-2022 *\/<br \/>\n.elementor-heading-title{padding:0;margin:0;line-height:1}.elementor-widget-heading .elementor-heading-title[class*=elementor-size-]>a{color:inherit;font-size:inherit;line-height:inherit}.elementor-widget-heading .elementor-heading-title.elementor-size-small{font-size:15px}.elementor-widget-heading .elementor-heading-title.elementor-size-medium{font-size:19px}.elementor-widget-heading .elementor-heading-title.elementor-size-large{font-size:29px}.elementor-widget-heading .elementor-heading-title.elementor-size-xl{font-size:39px}.elementor-widget-heading .elementor-heading-title.elementor-size-xxl{font-size:59px}<\/style>\n<h1>Centre de r\u00e9paration<\/h1>\n<h5>Toutes marques, tous mod\u00e8les, nous r\u00e9parons tous types de casse, panne, oxydation, d\u00e9blocage<\/h5>\n<p><a role=\"button\" href=\"https:\/\/library.elementor.com\/local-services-wireframe-2\/contact\/\"><br \/>\nContactez-nous<br \/>\n<\/a><\/p>\n<h2>Nos Services<\/h2>\n<h5>Notre priorit\u00e9 : Votre SATISFACTION<\/h5>\n<style>\/*! elementor - v3.6.6 - 08-06-2022 *\/<br \/>\n.elementor-widget-image-box .elementor-image-box-content{width:100%}@media (min-width:768px){.elementor-widget-image-box.elementor-position-left .elementor-image-box-wrapper,.elementor-widget-image-box.elementor-position-right .elementor-image-box-wrapper{display:-webkit-box;display:-ms-flexbox;display:flex}.elementor-widget-image-box.elementor-position-right .elementor-image-box-wrapper{text-align:right;-webkit-box-orient:horizontal;-webkit-box-direction:reverse;-ms-flex-direction:row-reverse;flex-direction:row-reverse}.elementor-widget-image-box.elementor-position-left .elementor-image-box-wrapper{text-align:left;-webkit-box-orient:horizontal;-webkit-box-direction:normal;-ms-flex-direction:row;flex-direction:row}.elementor-widget-image-box.elementor-position-top .elementor-image-box-img{margin:auto}.elementor-widget-image-box.elementor-vertical-align-top .elementor-image-box-wrapper{-webkit-box-align:start;-ms-flex-align:start;align-items:flex-start}.elementor-widget-image-box.elementor-vertical-align-middle .elementor-image-box-wrapper{-webkit-box-align:center;-ms-flex-align:center;align-items:center}.elementor-widget-image-box.elementor-vertical-align-bottom .elementor-image-box-wrapper{-webkit-box-align:end;-ms-flex-align:end;align-items:flex-end}}@media (max-width:767px){.elementor-widget-image-box .elementor-image-box-img{margin-left:auto!important;margin-right:auto!important;margin-bottom:15px}}.elementor-widget-image-box .elementor-image-box-img{display:inline-block}.elementor-widget-image-box .elementor-image-box-title a{color:inherit}.elementor-widget-image-box .elementor-image-box-wrapper{text-align:center}.elementor-widget-image-box .elementor-image-box-description{margin:0}<\/style>\n<figure><img loading=\"lazy\" src=\"http:\/\/centre-reparation-telephone.fr\/wp-content\/uploads\/2022\/07\/post.jpg\" alt=\"\" width=\"1000\" height=\"1000\"><\/figure>\n<h4>R\u00e9parations<\/h4>\n<p>Un travail rapide, soign\u00e9, au meilleur prix, c&rsquo;est notre engagement pour vous donner la plus grande des satisfaction.<br \/>\nExemple : changement d&rsquo;\u00e9cran iPhone dans l&rsquo;heure.<\/p>\n<figure><img loading=\"lazy\" src=\"http:\/\/centre-reparation-telephone.fr\/wp-content\/uploads\/2022\/07\/Plan-de-travail-118.png\" alt=\"\" width=\"1000\" height=\"1000\"><\/figure>\n<h4>Vente<\/h4>\n<p>Plus de 50 000 r\u00e9f\u00e9rences en magasin et sur kabiloo.fr<\/p>\n<figure><img loading=\"lazy\" src=\"http:\/\/centre-reparation-telephone.fr\/wp-content\/uploads\/2022\/07\/Plan-de-travail-2Post3.png\" alt=\"\" width=\"1001\" height=\"1001\"><\/figure>\n<h4>Reconditionnement<\/h4>\n<p>Des t\u00e9l\u00e9phones reconditionn\u00e9 acheter en France et revendu en france.<\/p>\n<figure><img loading=\"lazy\" src=\"http:\/\/centre-reparation-telephone.fr\/wp-content\/uploads\/2022\/07\/Myshape.png\" alt=\"\" width=\"2000\" height=\"2000\"><\/figure>\n<h4>Protections Smartphones<\/h4>\n<p>Kabiloo vous propose des protection de t\u00e9l\u00e9phones myShape pour tout type de smartphones et de diff\u00e9rentes mati\u00e8res<\/p>\n<style>\/*! elementor - v3.6.6 - 08-06-2022 *\/<br \/>\n.e-container.e-container--row .elementor-spacer-inner{width:var(--spacer-size)}.e-container.e-container--column .elementor-spacer-inner,.elementor-column .elementor-spacer-inner{height:var(--spacer-size)}<\/style>\n<h2>A propos de nous<\/h2>\n<p>Kabiloo est une PME cr\u00e9e en 2001, qui compte 1 dirigeant et 4 employ\u00e9s<\/p>\n<h2>Avis des clients<\/h2>\n<style>\/*! elementor - v3.6.6 - 08-06-2022 *\/<br \/>\n.elementor-widget-image{text-align:center}.elementor-widget-image a{display:inline-block}.elementor-widget-image a img[src$=\".svg\"]{width:48px}.elementor-widget-image img{vertical-align:middle;display:inline-block}<\/style>\n<p><img loading=\"lazy\" src=\"http:\/\/centre-reparation-telephone.fr\/wp-content\/uploads\/2022\/07\/Plan-de-travail-1avis1-1024x1024.png\" sizes=\"(max-width: 580px) 100vw, 580px\" srcset=\"https:\/\/centre-reparation-telephone.fr\/wp-content\/uploads\/2022\/07\/Plan-de-travail-1avis1.png 1024w, https:\/\/centre-reparation-telephone.fr\/wp-content\/uploads\/2022\/07\/Plan-de-travail-1avis1-300x300.png 300w, https:\/\/centre-reparation-telephone.fr\/wp-content\/uploads\/2022\/07\/Plan-de-travail-1avis1-150x150.png 150w, https:\/\/centre-reparation-telephone.fr\/wp-content\/uploads\/2022\/07\/Plan-de-travail-1avis1-768x768.png 768w\" alt=\"\" width=\"580\" height=\"580\"><br \/>\n<img loading=\"lazy\" src=\"http:\/\/centre-reparation-telephone.fr\/wp-content\/uploads\/2022\/07\/Plan-de-travail-1avis3-1-1024x1024.png\" sizes=\"(max-width: 580px) 100vw, 580px\" srcset=\"https:\/\/centre-reparation-telephone.fr\/wp-content\/uploads\/2022\/07\/Plan-de-travail-1avis3-1.png 1024w, https:\/\/centre-reparation-telephone.fr\/wp-content\/uploads\/2022\/07\/Plan-de-travail-1avis3-1-300x300.png 300w, https:\/\/centre-reparation-telephone.fr\/wp-content\/uploads\/2022\/07\/Plan-de-travail-1avis3-1-150x150.png 150w, https:\/\/centre-reparation-telephone.fr\/wp-content\/uploads\/2022\/07\/Plan-de-travail-1avis3-1-768x768.png 768w\" alt=\"\" width=\"580\" height=\"580\"><\/p>\n","protected":false},"excerpt":{"rendered":"<p>Centre de r\u00e9paration Toutes marques, tous mod\u00e8les, nous r\u00e9parons tous types de casse, panne, oxydation, d\u00e9blocage Contactez-nous Nos Services Notre priorit\u00e9 : Votre SATISFACTION R\u00e9parations Un travail rapide, soign\u00e9, au meilleur prix, c&rsquo;est notre engagement pour vous donner la plus grande des satisfaction. Exemple : changement d&rsquo;\u00e9cran iPhone dans l&rsquo;heure. Vente Plus de 50 000 [&hellip;]<\/p>\n","protected":false},"author":1,"featured_media":0,"parent":0,"menu_order":0,"comment_status":"closed","ping_status":"closed","template":"","meta":[],"_links":{"self":[{"href":"https:\/\/centre-reparation-telephone.fr\/index.php\/wp-json\/wp\/v2\/pages\/64"}],"collection":[{"href":"https:\/\/centre-reparation-telephone.fr\/index.php\/wp-json\/wp\/v2\/pages"}],"about":[{"href":"https:\/\/centre-reparation-telephone.fr\/index.php\/wp-json\/wp\/v2\/types\/page"}],"author":[{"embeddable":true,"href":"https:\/\/centre-reparation-telephone.fr\/index.php\/wp-json\/wp\/v2\/users\/1"}],"replies":[{"embeddable":true,"href":"https:\/\/centre-reparation-telephone.fr\/index.php\/wp-json\/wp\/v2\/comments?post=64"}],"version-history":[{"count":172,"href":"https:\/\/centre-reparation-telephone.fr\/index.php\/wp-json\/wp\/v2\/pages\/64\/revisions"}],"predecessor-version":[{"id":3101,"href":"https:\/\/centre-reparation-telephone.fr\/index.php\/wp-json\/wp\/v2\/pages\/64\/revisions\/3101"}],"wp:attachment":[{"href":"https:\/\/centre-reparation-telephone.fr\/index.php\/wp-json\/wp\/v2\/media?parent=64"}],"curies":[{"name":"wp","href":"https:\/\/api.w.org\/{rel}","templated":true}]}}